{"id":1259,"date":"2019-04-15T11:57:57","date_gmt":"2019-04-15T11:57:57","guid":{"rendered":"https:\/\/vidbertus.com\/contacte-celler-vidbertus\/"},"modified":"2021-11-16T11:52:36","modified_gmt":"2021-11-16T10:52:36","slug":"contacto-bodegas-vidbertus","status":"publish","type":"page","link":"https:\/\/vidbertus.com\/es\/contacto-bodegas-vidbertus\/","title":{"rendered":"Contacto"},"content":{"rendered":"<p>[vc_section][vc_row][vc_column]<div class=\"mkdf-section-title-holder border-title mkdf-st-standard mkdf-st-title-left mkdf-st-normal-space \" style=\"text-align: center\">\n\t<div class=\"mkdf-st-inner\">\n\t\t\t\t\t\t\t<h2 class=\"mkdf-st-title\" >\n\t\t\t\tCONTACTA CON NOSOTROS\t\t\t<\/h2>\n\t\t\t\t\t<\/div>\n<\/div>[vc_empty_space height=\u00bb15px\u00bb][vc_column_text]Contacta con la bodega de la Conca de Barber\u00e0 Vidbertus. Producimos vinos catalanes de autor con DO Conca de Barber\u00e0. Vinos \u00fanicos, elaborados con el m\u00e1ximo rigor y sensibilidad.[\/vc_column_text][\/vc_column][\/vc_row][vc_row][vc_column][vc_empty_space height=\u00bb70px\u00bb][\/vc_column][\/vc_row][vc_row equal_height=\u00bbyes\u00bb][vc_column width=\u00bb2\/3&#8243;][vc_column_text]<div class=\"frm_forms  with_frm_style frm_style_formidable-style\" id=\"frm_form_4_container\" >\n<form enctype=\"multipart\/form-data\" method=\"post\" class=\"frm-show-form  frm_js_validate  frm_pro_form  frm_ajax_submit \" id=\"form_5z39p3\"  >\n<div class=\"frm_form_fields \">\n<fieldset>\n<legend class=\"frm_screen_reader\">Contacte ES<\/legend>\r\n\r\n<div class=\"frm_fields_container\">\n<input type=\"hidden\" name=\"frm_action\" value=\"create\" \/>\n<input type=\"hidden\" name=\"form_id\" value=\"4\" \/>\n<input type=\"hidden\" name=\"frm_hide_fields_4\" id=\"frm_hide_fields_4\" value=\"\" \/>\n<input type=\"hidden\" name=\"form_key\" value=\"5z39p3\" \/>\n<input type=\"hidden\" name=\"item_meta[0]\" value=\"\" \/>\n<input type=\"hidden\" id=\"frm_submit_entry_4\" name=\"frm_submit_entry_4\" value=\"96a8b338f4\" \/><input type=\"hidden\" name=\"_wp_http_referer\" value=\"\/es\/wp-json\/wp\/v2\/pages\/1259\" \/><div id=\"frm_field_18_container\" class=\"frm_form_field form-field  frm_required_field frm_top_container frm_half frm_first\">\r\n    <label for=\"field_ffkin3\" id=\"field_ffkin3_label\" class=\"frm_primary_label\">Nombre\r\n        <span class=\"frm_required\">*<\/span>\r\n    <\/label>\r\n    <input type=\"text\" id=\"field_ffkin3\" name=\"item_meta[18]\" value=\"\"  data-reqmsg=\"Este campo no puede estar en blanco.\" aria-required=\"true\" data-invmsg=\"Text is invalid\" aria-invalid=\"false\"  \/>\r\n    \r\n    \r\n<\/div>\n<div id=\"frm_field_19_container\" class=\"frm_form_field form-field  frm_required_field frm_top_container frm_half\">\r\n    <label for=\"field_l1pk3\" id=\"field_l1pk3_label\" class=\"frm_primary_label\">Apellidos\r\n        <span class=\"frm_required\">*<\/span>\r\n    <\/label>\r\n    <input type=\"text\" id=\"field_l1pk3\" name=\"item_meta[19]\" value=\"\"  data-reqmsg=\"Este campo no puede estar en blanco.\" aria-required=\"true\" data-invmsg=\"Text is invalid\" aria-invalid=\"false\"  \/>\r\n    \r\n    \r\n<\/div>\n<div id=\"frm_field_20_container\" class=\"frm_form_field form-field  frm_top_container frm_half frm_first\">\r\n    <label for=\"field_qn0rv3\" id=\"field_qn0rv3_label\" class=\"frm_primary_label\">Tel\u00e9fono\r\n        <span class=\"frm_required\"><\/span>\r\n    <\/label>\r\n    <input type=\"text\" id=\"field_qn0rv3\" name=\"item_meta[20]\" value=\"\"  data-invmsg=\"Text is invalid\" aria-invalid=\"false\"  \/>\r\n    \r\n    \r\n<\/div>\n<div id=\"frm_field_21_container\" class=\"frm_form_field form-field  frm_required_field frm_top_container frm_half\">\r\n    <label for=\"field_1fvcg3\" id=\"field_1fvcg3_label\" class=\"frm_primary_label\">Email\r\n        <span class=\"frm_required\">*<\/span>\r\n    <\/label>\r\n    <input type=\"text\" id=\"field_1fvcg3\" name=\"item_meta[21]\" value=\"\"  data-reqmsg=\"Este campo no puede estar en blanco.\" aria-required=\"true\" data-invmsg=\"Text is invalid\" aria-invalid=\"false\"  \/>\r\n    \r\n    \r\n<\/div>\n<div id=\"frm_field_22_container\" class=\"frm_form_field form-field  frm_required_field frm_top_container\">\r\n    <label for=\"field_v237x3\" id=\"field_v237x3_label\" class=\"frm_primary_label\">Observaciones\r\n        <span class=\"frm_required\">*<\/span>\r\n    <\/label>\r\n    <textarea name=\"item_meta[22]\" id=\"field_v237x3\" rows=\"5\"  data-reqmsg=\"Este campo no puede estar en blanco.\" aria-required=\"true\" data-invmsg=\"Observaciones no es v\u00e1lido\" aria-invalid=\"false\"  ><\/textarea>\r\n    \r\n    \r\n<\/div>\n<div id=\"frm_field_23_container\" class=\"frm_form_field form-field  frm_required_field frm_hidden_container vertical_radio\">\r\n    <div  id=\"field_4nxjn3_label\" class=\"frm_primary_label\">Politica de Privacitat\r\n        <span class=\"frm_required\">*<\/span>\r\n    <\/div>\r\n    <div class=\"frm_opt_container\" aria-labelledby=\"field_4nxjn3_label\" role=\"group\">\t\t<div class=\"frm_checkbox\" id=\"frm_checkbox_23-1\"><label for=\"field_4nxjn3-1\"><input type=\"checkbox\" name=\"item_meta[23][]\" id=\"field_4nxjn3-1\" value=\"He le\u00eddo y acepto &lt;a href=&quot;https:\/\/vidbertus.com\/es\/consentimiento-para-el-tratamiento-de-datos&quot; target=&quot;_blank&quot;&gt;la cl\u00e1usula de consentimiento para el tratamiento de datos personales&lt;\/a&gt;\"  data-reqmsg=\"Este campo no puede estar en blanco.\" aria-required=\"true\" data-invmsg=\"Politica de Privacitat no es v\u00e1lido\" aria-invalid=\"false\"   \/> He le\u00eddo y acepto <a href=\"https:\/\/vidbertus.com\/es\/consentimiento-para-el-tratamiento-de-datos\" target=\"_blank\">la cl\u00e1usula de consentimiento para el tratamiento de datos personales<\/a><\/label><\/div>\n<\/div>\r\n    \r\n    \r\n<\/div>\n<div id=\"frm_field_27_container\" class=\"frm_form_field form-field  frm_none_container\">\n    <label for=\"g-recaptcha-response\" id=\"field_ir1ek_label\" class=\"frm_primary_label\">reCAPTCHA\n        <span class=\"frm_required\"><\/span>\n    <\/label>\n    <div id=\"field_ir1ek\" class=\"g-recaptcha\" data-sitekey=\"6Lfec80UAAAAAJHQ4LrWnLKxNJl6-BeGTmZ-qrZ0\"\" data-size=\"normal\" data-theme=\"light\"><\/div>\n    \n    \n<\/div>\n\t<input type=\"hidden\" name=\"item_key\" value=\"\" \/>\n\t<input name=\"frm_state\" type=\"hidden\" value=\"mHpZ92BBntH0\/UaxkIbIfAVO9vrhszbmeEnbgjVuBJw=\" \/><div class=\"frm_submit\">\r\n\r\n<button class=\"frm_button_submit frm_final_submit\" type=\"submit\"  >Enviar<\/button>\r\n\r\n<\/div><\/div>\n<\/fieldset>\n<\/div>\n<\/form>\n<\/div>\n[\/vc_column_text][\/vc_column][vc_column width=\u00bb1\/3&#8243; el_class=\u00bbcolumna-contacto\u00bb]<div class=\"mkdf-iwt clearfix info-contact mkdf-iwt-icon-left mkdf-iwt-icon-tiny \">\n\t<div class=\"mkdf-iwt-icon\">\n\t\t\t\t\t\t\t\t\t    <span class=\"mkdf-icon-shortcode mkdf-circle   mkdf-icon-tiny\" style=\"background-color: #cab892\" data-color=\"#353535\">\n                    <i class=\"mkdf-icon-font-awesome fa fa-map-pin mkdf-icon-element\" style=\"color: #353535\" ><\/i>            <\/span>\n\t\t\t\t\t\t<\/div>\n\t<div class=\"mkdf-iwt-content\" >\n\t\t\t\t\t\t\t<p class=\"mkdf-iwt-text\" >\n\t\t\t\tAnselm Clav\u00e9, 13 L\u2019Espluga de Francol\u00ed<br \/>\n43440 \u2013 TGN La Conca de Barber\u00e0.\t\t\t<\/p>\n\t\t\t<\/div>\n<\/div><div class=\"mkdf-iwt clearfix info-contact mkdf-iwt-icon-left mkdf-iwt-icon-tiny \">\n\t<div class=\"mkdf-iwt-icon\">\n\t\t\t\t\t<a itemprop=\"url\" href=\"mailto:info@vidbertus.com\" target=\"_blank\">\n\t\t\t\t\t\t\t\t\t    <span class=\"mkdf-icon-shortcode mkdf-circle   mkdf-icon-tiny\" style=\"background-color: #cab892\" data-color=\"#353535\">\n                    <i class=\"mkdf-icon-font-awesome fa fa-envelope mkdf-icon-element\" style=\"color: #353535\" ><\/i>            <\/span>\n\t\t\t\t\t\t\t\t<\/a>\n\t\t\t<\/div>\n\t<div class=\"mkdf-iwt-content\" >\n\t\t\t\t\t\t\t<p class=\"mkdf-iwt-text\" >\n\t\t\t\tinfo@vidbertus.com\t\t\t<\/p>\n\t\t\t<\/div>\n<\/div><div class=\"mkdf-iwt clearfix info-contact mkdf-iwt-icon-left mkdf-iwt-icon-tiny \">\n\t<div class=\"mkdf-iwt-icon\">\n\t\t\t\t\t\t\t\t\t    <span class=\"mkdf-icon-shortcode mkdf-circle   mkdf-icon-tiny\" style=\"background-color: #cab892\" data-color=\"#353535\">\n                    <i class=\"mkdf-icon-font-awesome fa fa-phone mkdf-icon-element\" style=\"color: #353535\" ><\/i>            <\/span>\n\t\t\t\t\t\t<\/div>\n\t<div class=\"mkdf-iwt-content\" >\n\t\t\t\t\t\t\t<p class=\"mkdf-iwt-text\" >\n\t\t\t\tTel: +34 626 330 511\t\t\t<\/p>\n\t\t\t<\/div>\n<\/div>[\/vc_column][\/vc_row][vc_row][vc_column][vc_empty_space height=\u00bb80px\u00bb][\/vc_column][\/vc_row][\/vc_section][vc_section][vc_row full_width=\u00bbstretch_row_content_no_spaces\u00bb][vc_column css=\u00bb.vc_custom_1560420531946{margin-bottom: 0px !important;}\u00bb]<div class=\"elfsight-widget-google-maps elfsight-widget\" data-elfsight-google-maps-options=\"%7B%22markers%22%3A%5B%7B%22position%22%3A%22Anselm%20Clav%5Cu00e9%2C%2013%20L%5Cu2019Espluga%20de%20Francol%5Cu00ed%2043440%20La%20Conca%20de%20Barber%5Cu00e0.%22%2C%22coordinates%22%3A%2241.3954499%2C%201.1019421999999395%22%2C%22icon%22%3A%22default%22%2C%22iconUrl%22%3A%22%22%2C%22infoWindow%22%3Atrue%2C%22infoTitle%22%3A%22Vidbertus%22%2C%22infoDescription%22%3A%22%22%2C%22infoImage%22%3A%22https%3A%5C%2F%5C%2Fvidbertus.com%5C%2Fen%5C%2Fcontact-img-2%5C%2F%22%2C%22infoAddress%22%3A%22Anselm%20Clav%5Cu00e9%2C%2013%20L%5Cu2019Espluga%20de%20Francol%5Cu00ed%3Cbr%5C%2F%3E43440%20%5Cu2013%20La%20Conca%20de%20Barber%5Cu00e0.%22%2C%22infoSite%22%3A%22vidbertus.com%22%2C%22infoPhone%22%3A%22%2B34%20626%20330%20511%22%2C%22infoEmail%22%3A%22info%40vidbertus.com%22%2C%22infoWorkingHours%22%3A%22%22%2C%22infoDirections%22%3Atrue%2C%22infoWindowOpenedByDefault%22%3Atrue%2C%22animation%22%3A%22none%22%2C%22linkUrl%22%3A%22%22%2C%22category%22%3A%22%22%7D%5D%2C%22categoriesEnabled%22%3Afalse%2C%22categories%22%3A%5B%5D%2C%22lang%22%3A%22en%22%2C%22distanceUnits%22%3A%22mi%22%2C%22center%22%3A%22auto%22%2C%22zoom%22%3A%2216%22%2C%22mapType%22%3A%22roadmap%22%2C%22controls%22%3A%5B%22zoom%22%2C%22mapType%22%2C%22scale%22%2C%22streetView%22%2C%22rotate%22%2C%22fullScreen%22%5D%2C%22markerClusterEnabled%22%3Atrue%2C%22markerClusterZoom%22%3Atrue%2C%22markerClusterMin%22%3A2%2C%22infoDirections%22%3Atrue%2C%22directionsTarget%22%3A%22inline%22%2C%22scrollwheel%22%3Afalse%2C%22draggable%22%3Atrue%2C%22layers%22%3A%5B%22poi%22%5D%2C%22width%22%3A%22auto%22%2C%22height%22%3A%22700%22%2C%22panelEnabled%22%3Afalse%2C%22panelOpenByDefault%22%3Atrue%2C%22panelSearchBy%22%3A%22markers%22%2C%22panelSearchPlaceholder%22%3A%22%22%2C%22panelListItemElements%22%3A%5B%22title%22%2C%22category%22%2C%22image%22%2C%22address%22%2C%22phone%22%2C%22workingHours%22%5D%2C%22mainColor%22%3A%22rgb%28202%2C%20184%2C%20146%29%22%2C%22style%22%3A%22default%22%2C%22colorGeometry%22%3A%22%22%2C%22colorLabelsTextFill%22%3A%22%22%2C%22colorLabelsTextStroke%22%3A%22%22%2C%22colorAdministrativeGeometryStroke%22%3A%22%22%2C%22colorAdministrativeLandParcel%22%3A%22%22%2C%22colorLandscapeNaturalGeometry%22%3A%22%22%2C%22colorPoiGeometry%22%3A%22%22%2C%22colorPoiLabelsTextFill%22%3A%22%22%2C%22colorPoiParkGeometryFill%22%3A%22%22%2C%22colorPoiParkLabelsTextFill%22%3A%22%22%2C%22colorRoadGeometry%22%3A%22%22%2C%22colorRoadArterial%22%3A%22%22%2C%22colorRoadHighway%22%3A%22%22%2C%22colorRoadHighwayGeometryStroke%22%3A%22%22%2C%22colorRoadHighwayControlledAccessGeometry%22%3A%22%22%2C%22colorRoadHighwayControlledAccessGeometryStroke%22%3A%22%22%2C%22colorRoadLocalLabelsTextFill%22%3A%22%22%2C%22colorTransitLineGeometry%22%3A%22%22%2C%22colorTransitLineLabelsTextFill%22%3A%22%22%2C%22colorTransitLineLabelsTextStroke%22%3A%22%22%2C%22colorTransitStationGeometry%22%3A%22%22%2C%22colorWaterGeometryFill%22%3A%22%22%2C%22colorWaterLabelTextFill%22%3A%22%22%2C%22customGoogleMapsStyles%22%3A%22%22%2C%22apiKey%22%3A%22AIzaSyA0wdqVZDHe_Zcjsh9Ma8jOgbBU_6zL9AE%22%7D\" data-elfsight-google-maps-version=\"2.0.0\"><\/div>[\/vc_column][\/vc_row][\/vc_section]<\/p>\n","protected":false},"excerpt":{"rendered":"<p>[vc_section][vc_row][vc_column][vc_empty_space height=\u00bb15px\u00bb][vc_column_text]Contacta con la bodega de la Conca de Barber\u00e0 Vidbertus. Producimos vinos catalanes de autor con DO Conca de Barber\u00e0. Vinos \u00fanicos, elaborados con el m\u00e1ximo rigor y sensibilidad.[\/vc_column_text][\/vc_column][\/vc_row][vc_row][vc_column][vc_empty_space height=\u00bb70px\u00bb][\/vc_column][\/vc_row][vc_row equal_height=\u00bbyes\u00bb][vc_column width=\u00bb2\/3&#8243;][vc_column_text][\/vc_column_text][\/vc_column][vc_column width=\u00bb1\/3&#8243; el_class=\u00bbcolumna-contacto\u00bb][\/vc_column][\/vc_row][vc_row][vc_column][vc_empty_space height=\u00bb80px\u00bb][\/vc_column][\/vc_row][\/vc_section][vc_section][vc_row full_width=\u00bbstretch_row_content_no_spaces\u00bb][vc_column css=\u00bb.vc_custom_1560420531946{margin-bottom: 0px !important;}\u00bb][\/vc_column][\/vc_row][\/vc_section]<\/p>\n","protected":false},"author":1,"featured_media":0,"parent":0,"menu_order":0,"comment_status":"closed","ping_status":"closed","template":"","meta":{"footnotes":""},"class_list":["post-1259","page","type-page","status-publish","hentry"],"yoast_head":"<!-- This site is optimized with the Yoast SEO plugin v19.11 - https:\/\/yoast.com\/wordpress\/plugins\/seo\/ -->\n<title>Celler VidBertus , Contacta con las bodegas de la Conca de Barbera<\/title>\n<meta name=\"description\" content=\"Contacta con las Bodegas de la Conca de Barber\u00e0 Vidbertus. Producimos vinos de autor elaborats amb el m\u00e0xim rigor.\" \/>\n<meta name=\"robots\" content=\"index, follow, max-snippet:-1, max-image-preview:large, max-video-preview:-1\" \/>\n<link rel=\"canonical\" href=\"https:\/\/vidbertus.com\/es\/contacto-bodegas-vidbertus\/\" \/>\n<meta property=\"og:locale\" content=\"es_ES\" \/>\n<meta property=\"og:type\" content=\"article\" \/>\n<meta property=\"og:title\" content=\"Celler VidBertus , Contacta con las bodegas de la Conca de Barbera\" \/>\n<meta property=\"og:description\" content=\"Contacta con las Bodegas de la Conca de Barber\u00e0 Vidbertus. Producimos vinos de autor elaborats amb el m\u00e0xim rigor.\" \/>\n<meta property=\"og:url\" content=\"https:\/\/vidbertus.com\/es\/contacto-bodegas-vidbertus\/\" \/>\n<meta property=\"og:site_name\" content=\"Celler VidBertus\" \/>\n<meta property=\"article:modified_time\" content=\"2021-11-16T10:52:36+00:00\" \/>\n<meta name=\"twitter:card\" content=\"summary_large_image\" \/>\n<meta name=\"twitter:label1\" content=\"Tiempo de lectura\" \/>\n\t<meta name=\"twitter:data1\" content=\"1 minuto\" \/>\n<script type=\"application\/ld+json\" class=\"yoast-schema-graph\">{\"@context\":\"https:\/\/schema.org\",\"@graph\":[{\"@type\":\"WebPage\",\"@id\":\"https:\/\/vidbertus.com\/es\/contacto-bodegas-vidbertus\/\",\"url\":\"https:\/\/vidbertus.com\/es\/contacto-bodegas-vidbertus\/\",\"name\":\"Celler VidBertus , Contacta con las bodegas de la Conca de Barbera\",\"isPartOf\":{\"@id\":\"https:\/\/vidbertus.com\/ca\/#website\"},\"datePublished\":\"2019-04-15T11:57:57+00:00\",\"dateModified\":\"2021-11-16T10:52:36+00:00\",\"description\":\"Contacta con las Bodegas de la Conca de Barber\u00e0 Vidbertus. Producimos vinos de autor elaborats amb el m\u00e0xim rigor.\",\"breadcrumb\":{\"@id\":\"https:\/\/vidbertus.com\/es\/contacto-bodegas-vidbertus\/#breadcrumb\"},\"inLanguage\":\"es\",\"potentialAction\":[{\"@type\":\"ReadAction\",\"target\":[\"https:\/\/vidbertus.com\/es\/contacto-bodegas-vidbertus\/\"]}]},{\"@type\":\"BreadcrumbList\",\"@id\":\"https:\/\/vidbertus.com\/es\/contacto-bodegas-vidbertus\/#breadcrumb\",\"itemListElement\":[{\"@type\":\"ListItem\",\"position\":1,\"name\":\"Inici\",\"item\":\"https:\/\/vidbertus.com\/es\/\"},{\"@type\":\"ListItem\",\"position\":2,\"name\":\"Contacto\"}]},{\"@type\":\"WebSite\",\"@id\":\"https:\/\/vidbertus.com\/ca\/#website\",\"url\":\"https:\/\/vidbertus.com\/ca\/\",\"name\":\"Celler VidBertus\",\"description\":\"Trepat de la DO Conca de Barbera - Celler VidBertus\",\"publisher\":{\"@id\":\"https:\/\/vidbertus.com\/ca\/#organization\"},\"potentialAction\":[{\"@type\":\"SearchAction\",\"target\":{\"@type\":\"EntryPoint\",\"urlTemplate\":\"https:\/\/vidbertus.com\/ca\/?s={search_term_string}\"},\"query-input\":\"required name=search_term_string\"}],\"inLanguage\":\"es\"},{\"@type\":\"Organization\",\"@id\":\"https:\/\/vidbertus.com\/ca\/#organization\",\"name\":\"VidBertus\",\"url\":\"https:\/\/vidbertus.com\/ca\/\",\"logo\":{\"@type\":\"ImageObject\",\"inLanguage\":\"es\",\"@id\":\"https:\/\/vidbertus.com\/ca\/#\/schema\/logo\/image\/\",\"url\":\"https:\/\/vidbertus.com\/wp-content\/uploads\/2019\/12\/favicon-vidbertus-04.png\",\"contentUrl\":\"https:\/\/vidbertus.com\/wp-content\/uploads\/2019\/12\/favicon-vidbertus-04.png\",\"width\":512,\"height\":512,\"caption\":\"VidBertus\"},\"image\":{\"@id\":\"https:\/\/vidbertus.com\/ca\/#\/schema\/logo\/image\/\"}}]}<\/script>\n<!-- \/ Yoast SEO plugin. -->","yoast_head_json":{"title":"Celler VidBertus , Contacta con las bodegas de la Conca de Barbera","description":"Contacta con las Bodegas de la Conca de Barber\u00e0 Vidbertus. Producimos vinos de autor elaborats amb el m\u00e0xim rigor.","robots":{"index":"index","follow":"follow","max-snippet":"max-snippet:-1","max-image-preview":"max-image-preview:large","max-video-preview":"max-video-preview:-1"},"canonical":"https:\/\/vidbertus.com\/es\/contacto-bodegas-vidbertus\/","og_locale":"es_ES","og_type":"article","og_title":"Celler VidBertus , Contacta con las bodegas de la Conca de Barbera","og_description":"Contacta con las Bodegas de la Conca de Barber\u00e0 Vidbertus. Producimos vinos de autor elaborats amb el m\u00e0xim rigor.","og_url":"https:\/\/vidbertus.com\/es\/contacto-bodegas-vidbertus\/","og_site_name":"Celler VidBertus","article_modified_time":"2021-11-16T10:52:36+00:00","twitter_card":"summary_large_image","twitter_misc":{"Tiempo de lectura":"1 minuto"},"schema":{"@context":"https:\/\/schema.org","@graph":[{"@type":"WebPage","@id":"https:\/\/vidbertus.com\/es\/contacto-bodegas-vidbertus\/","url":"https:\/\/vidbertus.com\/es\/contacto-bodegas-vidbertus\/","name":"Celler VidBertus , Contacta con las bodegas de la Conca de Barbera","isPartOf":{"@id":"https:\/\/vidbertus.com\/ca\/#website"},"datePublished":"2019-04-15T11:57:57+00:00","dateModified":"2021-11-16T10:52:36+00:00","description":"Contacta con las Bodegas de la Conca de Barber\u00e0 Vidbertus. Producimos vinos de autor elaborats amb el m\u00e0xim rigor.","breadcrumb":{"@id":"https:\/\/vidbertus.com\/es\/contacto-bodegas-vidbertus\/#breadcrumb"},"inLanguage":"es","potentialAction":[{"@type":"ReadAction","target":["https:\/\/vidbertus.com\/es\/contacto-bodegas-vidbertus\/"]}]},{"@type":"BreadcrumbList","@id":"https:\/\/vidbertus.com\/es\/contacto-bodegas-vidbertus\/#breadcrumb","itemListElement":[{"@type":"ListItem","position":1,"name":"Inici","item":"https:\/\/vidbertus.com\/es\/"},{"@type":"ListItem","position":2,"name":"Contacto"}]},{"@type":"WebSite","@id":"https:\/\/vidbertus.com\/ca\/#website","url":"https:\/\/vidbertus.com\/ca\/","name":"Celler VidBertus","description":"Trepat de la DO Conca de Barbera - Celler VidBertus","publisher":{"@id":"https:\/\/vidbertus.com\/ca\/#organization"},"potentialAction":[{"@type":"SearchAction","target":{"@type":"EntryPoint","urlTemplate":"https:\/\/vidbertus.com\/ca\/?s={search_term_string}"},"query-input":"required name=search_term_string"}],"inLanguage":"es"},{"@type":"Organization","@id":"https:\/\/vidbertus.com\/ca\/#organization","name":"VidBertus","url":"https:\/\/vidbertus.com\/ca\/","logo":{"@type":"ImageObject","inLanguage":"es","@id":"https:\/\/vidbertus.com\/ca\/#\/schema\/logo\/image\/","url":"https:\/\/vidbertus.com\/wp-content\/uploads\/2019\/12\/favicon-vidbertus-04.png","contentUrl":"https:\/\/vidbertus.com\/wp-content\/uploads\/2019\/12\/favicon-vidbertus-04.png","width":512,"height":512,"caption":"VidBertus"},"image":{"@id":"https:\/\/vidbertus.com\/ca\/#\/schema\/logo\/image\/"}}]}},"_links":{"self":[{"href":"https:\/\/vidbertus.com\/es\/wp-json\/wp\/v2\/pages\/1259"}],"collection":[{"href":"https:\/\/vidbertus.com\/es\/wp-json\/wp\/v2\/pages"}],"about":[{"href":"https:\/\/vidbertus.com\/es\/wp-json\/wp\/v2\/types\/page"}],"author":[{"embeddable":true,"href":"https:\/\/vidbertus.com\/es\/wp-json\/wp\/v2\/users\/1"}],"replies":[{"embeddable":true,"href":"https:\/\/vidbertus.com\/es\/wp-json\/wp\/v2\/comments?post=1259"}],"version-history":[{"count":5,"href":"https:\/\/vidbertus.com\/es\/wp-json\/wp\/v2\/pages\/1259\/revisions"}],"predecessor-version":[{"id":1898,"href":"https:\/\/vidbertus.com\/es\/wp-json\/wp\/v2\/pages\/1259\/revisions\/1898"}],"wp:attachment":[{"href":"https:\/\/vidbertus.com\/es\/wp-json\/wp\/v2\/media?parent=1259"}],"curies":[{"name":"wp","href":"https:\/\/api.w.org\/{rel}","templated":true}]}}