{"id":626,"date":"2019-05-09T09:37:14","date_gmt":"2019-05-09T07:37:14","guid":{"rendered":"https:\/\/mmkt.me\/vidbertus\/?post_type=product&#038;p=626"},"modified":"2022-11-08T18:01:16","modified_gmt":"2022-11-08T17:01:16","slug":"esmorzar-maridatge","status":"publish","type":"product","link":"https:\/\/vidbertus.com\/ca\/producte\/esmorzar-maridatge\/","title":{"rendered":"Esmorzar Maridatge"},"content":{"rendered":"<p>Dilluns a Diumenge a les 10:00h<br \/>\nCal Concertar disponibilitat<\/p>\n<p>Esmorzar maridatge al Celler del 1890 amb productes gastron\u00f2mics de la zona:<br \/>\npa de pag\u00e8s amb tom\u00e0quet, botifarra blanca i negra, llonganissa seca, formatge, olives i ametlles.<br \/>\nMaridat amb els nostres vins Vidbertus.<\/p>\n<p>Esmorzar maridatge m\u00ednim 4 persones<\/p>\n<p>&nbsp;<\/p>\n","protected":false},"excerpt":{"rendered":"<p>Dilluns a Diumenge a les 10:00h Cal Concertar disponibilitat Esmorzar maridatge al Celler del 1890 amb productes gastron\u00f2mics de la zona: pa de pag\u00e8s amb tom\u00e0quet, botifarra blanca i negra, llonganissa seca, formatge, olives i ametlles. Maridat amb els nostres [&hellip;]<\/p>\n","protected":false},"featured_media":641,"template":"","meta":[],"class_list":["post-626","product","type-product","status-publish","has-post-thumbnail","hentry","product_cat-enoturisme"],"yoast_head":"<!-- This site is optimized with the Yoast SEO plugin v19.11 - https:\/\/yoast.com\/wordpress\/plugins\/seo\/ -->\n<title>Esmorzar Maridatge - Celler VidBertus<\/title>\n<meta name=\"description\" content=\"Esmorzar Maridatge . Gaudeix d&#039;una visita al celler VidBertus amb un esmorzar amb maridatge amb vins d&#039;autor amb DO Conca de Barber\u00e0.\" \/>\n<meta name=\"robots\" content=\"index, follow, max-snippet:-1, max-image-preview:large, max-video-preview:-1\" \/>\n<link rel=\"canonical\" href=\"https:\/\/vidbertus.com\/ca\/producte\/esmorzar-maridatge\/\" \/>\n<meta property=\"og:locale\" content=\"ca_ES\" \/>\n<meta property=\"og:type\" content=\"article\" \/>\n<meta property=\"og:title\" content=\"Esmorzar Maridatge - Celler VidBertus\" \/>\n<meta property=\"og:description\" content=\"Esmorzar Maridatge . Gaudeix d&#039;una visita al celler VidBertus amb un esmorzar amb maridatge amb vins d&#039;autor amb DO Conca de Barber\u00e0.\" \/>\n<meta property=\"og:url\" content=\"https:\/\/vidbertus.com\/ca\/producte\/esmorzar-maridatge\/\" \/>\n<meta property=\"og:site_name\" content=\"Celler VidBertus\" \/>\n<meta property=\"article:modified_time\" content=\"2022-11-08T17:01:16+00:00\" \/>\n<meta property=\"og:image\" content=\"https:\/\/vidbertus.com\/wp-content\/uploads\/2019\/05\/esmorzars-vidbertus-2.jpg\" \/>\n\t<meta property=\"og:image:width\" content=\"800\" \/>\n\t<meta property=\"og:image:height\" content=\"1067\" \/>\n\t<meta property=\"og:image:type\" content=\"image\/jpeg\" \/>\n<meta name=\"twitter:card\" content=\"summary_large_image\" \/>\n<script type=\"application\/ld+json\" class=\"yoast-schema-graph\">{\"@context\":\"https:\/\/schema.org\",\"@graph\":[{\"@type\":\"WebPage\",\"@id\":\"https:\/\/vidbertus.com\/ca\/producte\/esmorzar-maridatge\/\",\"url\":\"https:\/\/vidbertus.com\/ca\/producte\/esmorzar-maridatge\/\",\"name\":\"Esmorzar Maridatge - Celler VidBertus\",\"isPartOf\":{\"@id\":\"https:\/\/vidbertus.com\/ca\/#website\"},\"datePublished\":\"2019-05-09T07:37:14+00:00\",\"dateModified\":\"2022-11-08T17:01:16+00:00\",\"description\":\"Esmorzar Maridatge . Gaudeix d'una visita al celler VidBertus amb un esmorzar amb maridatge amb vins d'autor amb DO Conca de Barber\u00e0.\",\"breadcrumb\":{\"@id\":\"https:\/\/vidbertus.com\/ca\/producte\/esmorzar-maridatge\/#breadcrumb\"},\"inLanguage\":\"ca\",\"potentialAction\":[{\"@type\":\"ReadAction\",\"target\":[\"https:\/\/vidbertus.com\/ca\/producte\/esmorzar-maridatge\/\"]}]},{\"@type\":\"BreadcrumbList\",\"@id\":\"https:\/\/vidbertus.com\/ca\/producte\/esmorzar-maridatge\/#breadcrumb\",\"itemListElement\":[{\"@type\":\"ListItem\",\"position\":1,\"name\":\"Inici\",\"item\":\"https:\/\/vidbertus.com\/ca\/\"},{\"@type\":\"ListItem\",\"position\":2,\"name\":\"Botiga de vins\",\"item\":\"https:\/\/vidbertus.com\/ca\/botiga\/\"},{\"@type\":\"ListItem\",\"position\":3,\"name\":\"Esmorzar Maridatge\"}]},{\"@type\":\"WebSite\",\"@id\":\"https:\/\/vidbertus.com\/ca\/#website\",\"url\":\"https:\/\/vidbertus.com\/ca\/\",\"name\":\"Celler VidBertus\",\"description\":\"Trepat de la DO Conca de Barbera - Celler VidBertus\",\"publisher\":{\"@id\":\"https:\/\/vidbertus.com\/ca\/#organization\"},\"potentialAction\":[{\"@type\":\"SearchAction\",\"target\":{\"@type\":\"EntryPoint\",\"urlTemplate\":\"https:\/\/vidbertus.com\/ca\/?s={search_term_string}\"},\"query-input\":\"required name=search_term_string\"}],\"inLanguage\":\"ca\"},{\"@type\":\"Organization\",\"@id\":\"https:\/\/vidbertus.com\/ca\/#organization\",\"name\":\"VidBertus\",\"url\":\"https:\/\/vidbertus.com\/ca\/\",\"logo\":{\"@type\":\"ImageObject\",\"inLanguage\":\"ca\",\"@id\":\"https:\/\/vidbertus.com\/ca\/#\/schema\/logo\/image\/\",\"url\":\"https:\/\/vidbertus.com\/wp-content\/uploads\/2019\/12\/favicon-vidbertus-04.png\",\"contentUrl\":\"https:\/\/vidbertus.com\/wp-content\/uploads\/2019\/12\/favicon-vidbertus-04.png\",\"width\":512,\"height\":512,\"caption\":\"VidBertus\"},\"image\":{\"@id\":\"https:\/\/vidbertus.com\/ca\/#\/schema\/logo\/image\/\"}}]}<\/script>\n<!-- \/ Yoast SEO plugin. -->","yoast_head_json":{"title":"Esmorzar Maridatge - Celler VidBertus","description":"Esmorzar Maridatge . Gaudeix d'una visita al celler VidBertus amb un esmorzar amb maridatge amb vins d'autor amb DO Conca de Barber\u00e0.","robots":{"index":"index","follow":"follow","max-snippet":"max-snippet:-1","max-image-preview":"max-image-preview:large","max-video-preview":"max-video-preview:-1"},"canonical":"https:\/\/vidbertus.com\/ca\/producte\/esmorzar-maridatge\/","og_locale":"ca_ES","og_type":"article","og_title":"Esmorzar Maridatge - Celler VidBertus","og_description":"Esmorzar Maridatge . Gaudeix d'una visita al celler VidBertus amb un esmorzar amb maridatge amb vins d'autor amb DO Conca de Barber\u00e0.","og_url":"https:\/\/vidbertus.com\/ca\/producte\/esmorzar-maridatge\/","og_site_name":"Celler VidBertus","article_modified_time":"2022-11-08T17:01:16+00:00","og_image":[{"width":800,"height":1067,"url":"https:\/\/vidbertus.com\/wp-content\/uploads\/2019\/05\/esmorzars-vidbertus-2.jpg","type":"image\/jpeg"}],"twitter_card":"summary_large_image","schema":{"@context":"https:\/\/schema.org","@graph":[{"@type":"WebPage","@id":"https:\/\/vidbertus.com\/ca\/producte\/esmorzar-maridatge\/","url":"https:\/\/vidbertus.com\/ca\/producte\/esmorzar-maridatge\/","name":"Esmorzar Maridatge - Celler VidBertus","isPartOf":{"@id":"https:\/\/vidbertus.com\/ca\/#website"},"datePublished":"2019-05-09T07:37:14+00:00","dateModified":"2022-11-08T17:01:16+00:00","description":"Esmorzar Maridatge . Gaudeix d'una visita al celler VidBertus amb un esmorzar amb maridatge amb vins d'autor amb DO Conca de Barber\u00e0.","breadcrumb":{"@id":"https:\/\/vidbertus.com\/ca\/producte\/esmorzar-maridatge\/#breadcrumb"},"inLanguage":"ca","potentialAction":[{"@type":"ReadAction","target":["https:\/\/vidbertus.com\/ca\/producte\/esmorzar-maridatge\/"]}]},{"@type":"BreadcrumbList","@id":"https:\/\/vidbertus.com\/ca\/producte\/esmorzar-maridatge\/#breadcrumb","itemListElement":[{"@type":"ListItem","position":1,"name":"Inici","item":"https:\/\/vidbertus.com\/ca\/"},{"@type":"ListItem","position":2,"name":"Botiga de vins","item":"https:\/\/vidbertus.com\/ca\/botiga\/"},{"@type":"ListItem","position":3,"name":"Esmorzar Maridatge"}]},{"@type":"WebSite","@id":"https:\/\/vidbertus.com\/ca\/#website","url":"https:\/\/vidbertus.com\/ca\/","name":"Celler VidBertus","description":"Trepat de la DO Conca de Barbera - Celler VidBertus","publisher":{"@id":"https:\/\/vidbertus.com\/ca\/#organization"},"potentialAction":[{"@type":"SearchAction","target":{"@type":"EntryPoint","urlTemplate":"https:\/\/vidbertus.com\/ca\/?s={search_term_string}"},"query-input":"required name=search_term_string"}],"inLanguage":"ca"},{"@type":"Organization","@id":"https:\/\/vidbertus.com\/ca\/#organization","name":"VidBertus","url":"https:\/\/vidbertus.com\/ca\/","logo":{"@type":"ImageObject","inLanguage":"ca","@id":"https:\/\/vidbertus.com\/ca\/#\/schema\/logo\/image\/","url":"https:\/\/vidbertus.com\/wp-content\/uploads\/2019\/12\/favicon-vidbertus-04.png","contentUrl":"https:\/\/vidbertus.com\/wp-content\/uploads\/2019\/12\/favicon-vidbertus-04.png","width":512,"height":512,"caption":"VidBertus"},"image":{"@id":"https:\/\/vidbertus.com\/ca\/#\/schema\/logo\/image\/"}}]}},"_links":{"self":[{"href":"https:\/\/vidbertus.com\/ca\/wp-json\/wp\/v2\/product\/626"}],"collection":[{"href":"https:\/\/vidbertus.com\/ca\/wp-json\/wp\/v2\/product"}],"about":[{"href":"https:\/\/vidbertus.com\/ca\/wp-json\/wp\/v2\/types\/product"}],"wp:featuredmedia":[{"embeddable":true,"href":"https:\/\/vidbertus.com\/ca\/wp-json\/wp\/v2\/media\/641"}],"wp:attachment":[{"href":"https:\/\/vidbertus.com\/ca\/wp-json\/wp\/v2\/media?parent=626"}],"curies":[{"name":"wp","href":"https:\/\/api.w.org\/{rel}","templated":true}]}}