{"id":903,"date":"2019-07-04T11:34:47","date_gmt":"2019-07-04T11:34:47","guid":{"rendered":"https:\/\/mmkt.me\/vidbertus\/?page_id=903"},"modified":"2019-07-04T11:34:47","modified_gmt":"2019-07-04T11:34:47","slug":"lliuraments-i-devolucions","status":"publish","type":"page","link":"https:\/\/vidbertus.com\/ca\/lliuraments-i-devolucions\/","title":{"rendered":"Lliuraments i Devolucions"},"content":{"rendered":"<p>[vc_row][vc_column][vc_column_text]<strong>Enviament i devolucions<br \/>\n<\/strong><br \/>\nEnviament territori espanyol.<\/p>\n<p>VidBertus.com realitza enviaments a qualsevol punt del territori Espanyol (incloses les illes Can\u00e0ries, Ceuta i Melilla) .La lliurament gratu\u00eft a partir de 50,00 euros \u00e9s per a lliurament a qualsevol punt de la pen\u00ednsula (no incl\u00f2s illes Can\u00e0ries, Ceuta, Balears i Melilla).<\/p>\n<p>Els preus i el temps dels enviaments variaran en funci\u00f3 del pes i l&#8217;opci\u00f3 escollida en la nostra p\u00e0gina.<br \/>\nEls enviaments es realitzen mitjan\u00e7ant l&#8217;empresa de paqueteria MRW o transport particular VidBertus a la prov\u00edncia de Tarragona<br \/>\nEls terminis de transport es poden veure alterats per incid\u00e8ncies extraordin\u00e0ries en el transportista i per dificultats en el lliurament de la mercaderia.<br \/>\nLa formalitzaci\u00f3 d&#8217;una comanda s&#8217;entendr\u00e0 realitzada sota la total acceptaci\u00f3 de les condicions generals de venda. Els productes s&#8217;enviaran a l&#8217;adre\u00e7a de lliurament indicada, en els terminis estipulats segons la manera d&#8217;enviament triat.<br \/>\nEnviament internacional.<br \/>\nEls enviaments interncionales es realitzaran midiante l&#8217;empresa de transport mailBoxes, el termini de lliurament ser\u00e0 aproximadament d&#8217;1 setmana<\/p>\n<p><strong>Forma de Pagament.<\/strong><\/p>\n<p>S&#8217;accepta Visa, Visa Electron, Mastercard i PayPal i Transfer\u00e8ncia Banc\u00e0ria.<\/p>\n<p><strong>CANCEL\u00b7LACIONS I DEVOLUCIONS<\/strong><br \/>\nLes comandes es poden cancel\u00b7lar sense cap cost fins al moment en que l&#8217;enviament es fa efectiu. Si rebem av\u00eds de cancel\u00b7laci\u00f3 un cop el paquet ja estigui enviat, es considerar\u00e0 una devoluci\u00f3. Les devolucions poden fer-se fins a 7 dies naturals a partir de la recepci\u00f3 del producte segons les especificacions que segueixen.<\/p>\n<p>No es podr\u00e0 exercir el dret de devoluci\u00f3 quan hi hagi indicis que els productes han estat oberts, manipulats o exposats a condicions inadequades. \u00c9s obligatori retornar els productes protegits correctament, en el seu embalatge original, en perfecte estat per a la venda posterior.<\/p>\n<p>No es podr\u00e0 acceptar cap paquet que no tingui algun dels elements d&#8217;identificaci\u00f3 del remitent (nom, cognoms, adre\u00e7a, n\u00famero de comanda). La devoluci\u00f3 dels productes sol\u00b7licitats donar\u00e0 lloc al reemborsament de la totalitat de les quantitats abonades per l&#8217;Usuari.<\/p>\n<p>El cost de devoluci\u00f3 ser\u00e0 assumit per l&#8217;usuari.<\/p>\n<p>Queden excloses d&#8217;aquest cas aquelles devolucions que es derivin d&#8217;un error nostre o d&#8217;algun defecte del producte. En aquest cas, Vidvertus.com es compromet a canviar el producte defectu\u00f3s per un altre igual o es reintegrar\u00e0 l&#8217;import. Tamb\u00e9 es far\u00e0 c\u00e0rrec de les despeses de devoluci\u00f3 i posterior enviament.<\/p>\n<p>Per fer efectiva una devoluci\u00f3 poseu-vos en contacte amb nosaltres al tel\u00e8fon 626.330.511 o enviant el formulari adjunt, degudament emplenat, al correu electr\u00f2nic info@vidbertus.com. L&#8217;usuari rebr\u00e0 un correu electr\u00f2nic acusant el rebut de la comunicaci\u00f3 de devoluci\u00f3.<\/p>\n<p>&nbsp;<\/p>\n<p>No acceptarem cap canvi o devoluci\u00f3 si pr\u00e8viament no hem rebut cap notificaci\u00f3.[\/vc_column_text][\/vc_column][\/vc_row]<\/p>\n","protected":false},"excerpt":{"rendered":"<p>[vc_row][vc_column][vc_column_text]Enviament i devolucions Enviament territori espanyol. VidBertus.com realitza enviaments a qualsevol punt del territori Espanyol (incloses les illes Can\u00e0ries, Ceuta i Melilla) .La lliurament gratu\u00eft a partir de 50,00 euros \u00e9s per a lliurament a qualsevol punt de la pen\u00ednsula [&hellip;]<\/p>\n","protected":false},"author":1,"featured_media":0,"parent":0,"menu_order":0,"comment_status":"closed","ping_status":"closed","template":"","meta":{"footnotes":""},"class_list":["post-903","page","type-page","status-publish","hentry"],"yoast_head":"<!-- This site is optimized with the Yoast SEO plugin v19.11 - https:\/\/yoast.com\/wordpress\/plugins\/seo\/ -->\n<title>Lliuraments i Devolucions - Celler VidBertus<\/title>\n<meta name=\"robots\" content=\"index, follow, max-snippet:-1, max-image-preview:large, max-video-preview:-1\" \/>\n<link rel=\"canonical\" href=\"https:\/\/vidbertus.com\/ca\/lliuraments-i-devolucions\/\" \/>\n<meta property=\"og:locale\" content=\"ca_ES\" \/>\n<meta property=\"og:type\" content=\"article\" \/>\n<meta property=\"og:title\" content=\"Lliuraments i Devolucions - Celler VidBertus\" \/>\n<meta property=\"og:description\" content=\"[vc_row][vc_column][vc_column_text]Enviament i devolucions Enviament territori espanyol. VidBertus.com realitza enviaments a qualsevol punt del territori Espanyol (incloses les illes Can\u00e0ries, Ceuta i Melilla) .La lliurament gratu\u00eft a partir de 50,00 euros \u00e9s per a lliurament a qualsevol punt de la pen\u00ednsula [&hellip;]\" \/>\n<meta property=\"og:url\" content=\"https:\/\/vidbertus.com\/ca\/lliuraments-i-devolucions\/\" \/>\n<meta property=\"og:site_name\" content=\"Celler VidBertus\" \/>\n<meta name=\"twitter:card\" content=\"summary_large_image\" \/>\n<meta name=\"twitter:label1\" content=\"Temps estimat de lectura\" \/>\n\t<meta name=\"twitter:data1\" content=\"2 minuts\" \/>\n<script type=\"application\/ld+json\" class=\"yoast-schema-graph\">{\"@context\":\"https:\/\/schema.org\",\"@graph\":[{\"@type\":\"WebPage\",\"@id\":\"https:\/\/vidbertus.com\/ca\/lliuraments-i-devolucions\/\",\"url\":\"https:\/\/vidbertus.com\/ca\/lliuraments-i-devolucions\/\",\"name\":\"Lliuraments i Devolucions - Celler VidBertus\",\"isPartOf\":{\"@id\":\"https:\/\/vidbertus.com\/ca\/#website\"},\"datePublished\":\"2019-07-04T11:34:47+00:00\",\"dateModified\":\"2019-07-04T11:34:47+00:00\",\"breadcrumb\":{\"@id\":\"https:\/\/vidbertus.com\/ca\/lliuraments-i-devolucions\/#breadcrumb\"},\"inLanguage\":\"ca\",\"potentialAction\":[{\"@type\":\"ReadAction\",\"target\":[\"https:\/\/vidbertus.com\/ca\/lliuraments-i-devolucions\/\"]}]},{\"@type\":\"BreadcrumbList\",\"@id\":\"https:\/\/vidbertus.com\/ca\/lliuraments-i-devolucions\/#breadcrumb\",\"itemListElement\":[{\"@type\":\"ListItem\",\"position\":1,\"name\":\"Inici\",\"item\":\"https:\/\/vidbertus.com\/ca\/\"},{\"@type\":\"ListItem\",\"position\":2,\"name\":\"Lliuraments i Devolucions\"}]},{\"@type\":\"WebSite\",\"@id\":\"https:\/\/vidbertus.com\/ca\/#website\",\"url\":\"https:\/\/vidbertus.com\/ca\/\",\"name\":\"Celler VidBertus\",\"description\":\"Trepat de la DO Conca de Barbera - Celler VidBertus\",\"publisher\":{\"@id\":\"https:\/\/vidbertus.com\/ca\/#organization\"},\"potentialAction\":[{\"@type\":\"SearchAction\",\"target\":{\"@type\":\"EntryPoint\",\"urlTemplate\":\"https:\/\/vidbertus.com\/ca\/?s={search_term_string}\"},\"query-input\":\"required name=search_term_string\"}],\"inLanguage\":\"ca\"},{\"@type\":\"Organization\",\"@id\":\"https:\/\/vidbertus.com\/ca\/#organization\",\"name\":\"VidBertus\",\"url\":\"https:\/\/vidbertus.com\/ca\/\",\"logo\":{\"@type\":\"ImageObject\",\"inLanguage\":\"ca\",\"@id\":\"https:\/\/vidbertus.com\/ca\/#\/schema\/logo\/image\/\",\"url\":\"https:\/\/vidbertus.com\/wp-content\/uploads\/2019\/12\/favicon-vidbertus-04.png\",\"contentUrl\":\"https:\/\/vidbertus.com\/wp-content\/uploads\/2019\/12\/favicon-vidbertus-04.png\",\"width\":512,\"height\":512,\"caption\":\"VidBertus\"},\"image\":{\"@id\":\"https:\/\/vidbertus.com\/ca\/#\/schema\/logo\/image\/\"}}]}<\/script>\n<!-- \/ Yoast SEO plugin. -->","yoast_head_json":{"title":"Lliuraments i Devolucions - Celler VidBertus","robots":{"index":"index","follow":"follow","max-snippet":"max-snippet:-1","max-image-preview":"max-image-preview:large","max-video-preview":"max-video-preview:-1"},"canonical":"https:\/\/vidbertus.com\/ca\/lliuraments-i-devolucions\/","og_locale":"ca_ES","og_type":"article","og_title":"Lliuraments i Devolucions - Celler VidBertus","og_description":"[vc_row][vc_column][vc_column_text]Enviament i devolucions Enviament territori espanyol. VidBertus.com realitza enviaments a qualsevol punt del territori Espanyol (incloses les illes Can\u00e0ries, Ceuta i Melilla) .La lliurament gratu\u00eft a partir de 50,00 euros \u00e9s per a lliurament a qualsevol punt de la pen\u00ednsula [&hellip;]","og_url":"https:\/\/vidbertus.com\/ca\/lliuraments-i-devolucions\/","og_site_name":"Celler VidBertus","twitter_card":"summary_large_image","twitter_misc":{"Temps estimat de lectura":"2 minuts"},"schema":{"@context":"https:\/\/schema.org","@graph":[{"@type":"WebPage","@id":"https:\/\/vidbertus.com\/ca\/lliuraments-i-devolucions\/","url":"https:\/\/vidbertus.com\/ca\/lliuraments-i-devolucions\/","name":"Lliuraments i Devolucions - Celler VidBertus","isPartOf":{"@id":"https:\/\/vidbertus.com\/ca\/#website"},"datePublished":"2019-07-04T11:34:47+00:00","dateModified":"2019-07-04T11:34:47+00:00","breadcrumb":{"@id":"https:\/\/vidbertus.com\/ca\/lliuraments-i-devolucions\/#breadcrumb"},"inLanguage":"ca","potentialAction":[{"@type":"ReadAction","target":["https:\/\/vidbertus.com\/ca\/lliuraments-i-devolucions\/"]}]},{"@type":"BreadcrumbList","@id":"https:\/\/vidbertus.com\/ca\/lliuraments-i-devolucions\/#breadcrumb","itemListElement":[{"@type":"ListItem","position":1,"name":"Inici","item":"https:\/\/vidbertus.com\/ca\/"},{"@type":"ListItem","position":2,"name":"Lliuraments i Devolucions"}]},{"@type":"WebSite","@id":"https:\/\/vidbertus.com\/ca\/#website","url":"https:\/\/vidbertus.com\/ca\/","name":"Celler VidBertus","description":"Trepat de la DO Conca de Barbera - Celler VidBertus","publisher":{"@id":"https:\/\/vidbertus.com\/ca\/#organization"},"potentialAction":[{"@type":"SearchAction","target":{"@type":"EntryPoint","urlTemplate":"https:\/\/vidbertus.com\/ca\/?s={search_term_string}"},"query-input":"required name=search_term_string"}],"inLanguage":"ca"},{"@type":"Organization","@id":"https:\/\/vidbertus.com\/ca\/#organization","name":"VidBertus","url":"https:\/\/vidbertus.com\/ca\/","logo":{"@type":"ImageObject","inLanguage":"ca","@id":"https:\/\/vidbertus.com\/ca\/#\/schema\/logo\/image\/","url":"https:\/\/vidbertus.com\/wp-content\/uploads\/2019\/12\/favicon-vidbertus-04.png","contentUrl":"https:\/\/vidbertus.com\/wp-content\/uploads\/2019\/12\/favicon-vidbertus-04.png","width":512,"height":512,"caption":"VidBertus"},"image":{"@id":"https:\/\/vidbertus.com\/ca\/#\/schema\/logo\/image\/"}}]}},"_links":{"self":[{"href":"https:\/\/vidbertus.com\/ca\/wp-json\/wp\/v2\/pages\/903"}],"collection":[{"href":"https:\/\/vidbertus.com\/ca\/wp-json\/wp\/v2\/pages"}],"about":[{"href":"https:\/\/vidbertus.com\/ca\/wp-json\/wp\/v2\/types\/page"}],"author":[{"embeddable":true,"href":"https:\/\/vidbertus.com\/ca\/wp-json\/wp\/v2\/users\/1"}],"replies":[{"embeddable":true,"href":"https:\/\/vidbertus.com\/ca\/wp-json\/wp\/v2\/comments?post=903"}],"version-history":[{"count":0,"href":"https:\/\/vidbertus.com\/ca\/wp-json\/wp\/v2\/pages\/903\/revisions"}],"wp:attachment":[{"href":"https:\/\/vidbertus.com\/ca\/wp-json\/wp\/v2\/media?parent=903"}],"curies":[{"name":"wp","href":"https:\/\/api.w.org\/{rel}","templated":true}]}}